{"id":959,"date":"2024-07-12T09:26:17","date_gmt":"2024-07-12T09:26:17","guid":{"rendered":"http:\/\/www.elektronikmalzemeci.com\/?post_type=product&#038;p=959"},"modified":"2024-07-12T09:26:17","modified_gmt":"2024-07-12T09:26:17","slug":"metal-mono-pot-wh148-series-2k2-20mm-mil-shaft-china-2","status":"publish","type":"product","link":"http:\/\/www.elektronikmalzemeci.com\/index.php\/urun\/metal-mono-pot-wh148-series-2k2-20mm-mil-shaft-china-2\/","title":{"rendered":"Metal Mono Pot. WH148 Series &#8211; 2K2 20MM (Mil) Shaft &#8211; China"},"content":{"rendered":"<p><strong>\u00dcr\u00fcn A\u00e7\u0131klamas\u0131:<\/strong><\/p>\n<p>Metal Mono Pot. WH148 Series, \u00c7in men\u015feli bir potansiyometredir. Bu model, metal mono yap\u0131s\u0131 ve 20 mm mil \u015faft\u0131 ile dikkat \u00e7eker. 2K2 (2200 Ohm) diren\u00e7 de\u011ferine sahip olan bu potansiyometre, \u00e7e\u015fitli elektronik devrelerde hassas ayarlamalar yapmak i\u00e7in idealdir.<\/p>\n<p><strong>Temel \u00d6zellikler:<\/strong><\/p>\n<ul>\n<li><strong>Tip:<\/strong> Potansiyometre<\/li>\n<li><strong>Seri:<\/strong> WH148 Series<\/li>\n<li><strong>Yap\u0131:<\/strong> Metal Mono<\/li>\n<li><strong>Diren\u00e7 De\u011feri:<\/strong> 2K2 (2200 Ohm)<\/li>\n<li><strong>Mil \u015eaft Uzunlu\u011fu:<\/strong> 20 mm (mil)<\/li>\n<li><strong>\u00dcretici \u00dclke:<\/strong> China<\/li>\n<\/ul>\n<p><strong>Teknik Bilgiler:<\/strong><\/p>\n<ul>\n<li><strong>Diren\u00e7 De\u011feri:<\/strong> 2K2 Ohm<\/li>\n<li><strong>Mil \u015eaft Uzunlu\u011fu:<\/strong> 20 mm<\/li>\n<li><strong>Yap\u0131:<\/strong> Metal Mono<\/li>\n<li><strong>\u00c7al\u0131\u015fma S\u0131cakl\u0131\u011f\u0131:<\/strong> -40\u00b0C ile +125\u00b0C aras\u0131nda<\/li>\n<li><strong>Tolerans:<\/strong> \u00b120%<\/li>\n<\/ul>\n","protected":false},"excerpt":{"rendered":"<p>\u00dcr\u00fcn A\u00e7\u0131klamas\u0131: Metal Mono Pot. WH148 Series, \u00c7in men\u015feli bir potansiyometredir. Bu model, metal mono yap\u0131s\u0131 ve 20 mm mil \u015faft\u0131 ile dikkat \u00e7eker. 2K2 (2200 Ohm) diren\u00e7 de\u011ferine sahip olan bu potansiyometre, \u00e7e\u015fitli elektronik devrelerde hassas ayarlamalar yapmak i\u00e7in idealdir. Temel \u00d6zellikler: Tip: Potansiyometre Seri: WH148 Series Yap\u0131: Metal Mono Diren\u00e7 De\u011feri: 2K2 (2200 [&hellip;]<\/p>\n","protected":false},"featured_media":960,"comment_status":"open","ping_status":"closed","template":"","meta":[],"product_brand":[],"product_cat":[737],"product_tag":[771,753,744,743,187,768,739,769],"class_list":{"0":"post-959","1":"product","2":"type-product","3":"status-publish","4":"has-post-thumbnail","6":"product_cat-potansiyometreler","7":"product_tag-20-mm-mil-saft","8":"product_tag-2k2-ohm","9":"product_tag-ayarlanabilir-direnc","10":"product_tag-cin","11":"product_tag-elektronik-bilesenler","12":"product_tag-metal-mono-pot","13":"product_tag-potansiyometre","14":"product_tag-wh148-series","16":"first","17":"instock","18":"shipping-taxable","19":"product-type-simple"},"jetpack_sharing_enabled":true,"_links":{"self":[{"href":"http:\/\/www.elektronikmalzemeci.com\/index.php\/wp-json\/wp\/v2\/product\/959"}],"collection":[{"href":"http:\/\/www.elektronikmalzemeci.com\/index.php\/wp-json\/wp\/v2\/product"}],"about":[{"href":"http:\/\/www.elektronikmalzemeci.com\/index.php\/wp-json\/wp\/v2\/types\/product"}],"replies":[{"embeddable":true,"href":"http:\/\/www.elektronikmalzemeci.com\/index.php\/wp-json\/wp\/v2\/comments?post=959"}],"wp:featuredmedia":[{"embeddable":true,"href":"http:\/\/www.elektronikmalzemeci.com\/index.php\/wp-json\/wp\/v2\/media\/960"}],"wp:attachment":[{"href":"http:\/\/www.elektronikmalzemeci.com\/index.php\/wp-json\/wp\/v2\/media?parent=959"}],"wp:term":[{"taxonomy":"product_brand","embeddable":true,"href":"http:\/\/www.elektronikmalzemeci.com\/index.php\/wp-json\/wp\/v2\/product_brand?post=959"},{"taxonomy":"product_cat","embeddable":true,"href":"http:\/\/www.elektronikmalzemeci.com\/index.php\/wp-json\/wp\/v2\/product_cat?post=959"},{"taxonomy":"product_tag","embeddable":true,"href":"http:\/\/www.elektronikmalzemeci.com\/index.php\/wp-json\/wp\/v2\/product_tag?post=959"}],"curies":[{"name":"wp","href":"https:\/\/api.w.org\/{rel}","templated":true}]}}