{"id":923,"date":"2024-07-12T08:27:14","date_gmt":"2024-07-12T08:27:14","guid":{"rendered":"http:\/\/www.elektronikmalzemeci.com\/?post_type=product&#038;p=923"},"modified":"2024-07-12T08:27:14","modified_gmt":"2024-07-12T08:27:14","slug":"pot-3590-series-blue-case-10k-20-6mm-mil-shaft-china-bourns","status":"publish","type":"product","link":"http:\/\/www.elektronikmalzemeci.com\/index.php\/urun\/pot-3590-series-blue-case-10k-20-6mm-mil-shaft-china-bourns\/","title":{"rendered":"POT. 3590 Series Blue Case &#8211; 10K 20.6MM (Mil) Shaft &#8211; China Bourns"},"content":{"rendered":"<p><strong>\u00dcr\u00fcn A\u00e7\u0131klamas\u0131:<\/strong><\/p>\n<p>POT. 3590 Series, \u00c7in men\u015feli Bourns taraf\u0131ndan \u00fcretilen bir potansiyometredir. Bu model, mavi kasa ve 20.6 mm mil \u015faft\u0131 ile dikkat \u00e7eker. 10K diren\u00e7 de\u011ferine sahip olan bu potansiyometre, \u00e7e\u015fitli elektronik devrelerde hassas ayarlamalar yapmak i\u00e7in idealdir.<\/p>\n<p><strong>Temel \u00d6zellikler:<\/strong><\/p>\n<ul>\n<li><strong>Tip:<\/strong> Potansiyometre<\/li>\n<li><strong>Seri:<\/strong> 3590 Series<\/li>\n<li><strong>Renk:<\/strong> Mavi Kasa<\/li>\n<li><strong>Diren\u00e7 De\u011feri:<\/strong> 10K<\/li>\n<li><strong>Mil \u015eaft Uzunlu\u011fu:<\/strong> 20.6 mm (mil)<\/li>\n<li><strong>\u00dcretici:<\/strong> Bourns<\/li>\n<li><strong>\u00dcretici \u00dclke:<\/strong> China<\/li>\n<\/ul>\n<p><strong>Teknik Bilgiler:<\/strong><\/p>\n<ul>\n<li><strong>Diren\u00e7 De\u011feri:<\/strong> 10K Ohm<\/li>\n<li><strong>Mil \u015eaft Uzunlu\u011fu:<\/strong> 20.6 mm<\/li>\n<li><strong>Kasa Rengi:<\/strong> Mavi<\/li>\n<li><strong>\u00c7al\u0131\u015fma S\u0131cakl\u0131\u011f\u0131:<\/strong> -55\u00b0C ile +125\u00b0C aras\u0131nda<\/li>\n<li><strong>Tolerans:<\/strong> \u00b15%<\/li>\n<\/ul>\n","protected":false},"excerpt":{"rendered":"<p>\u00dcr\u00fcn A\u00e7\u0131klamas\u0131: POT. 3590 Series, \u00c7in men\u015feli Bourns taraf\u0131ndan \u00fcretilen bir potansiyometredir. Bu model, mavi kasa ve 20.6 mm mil \u015faft\u0131 ile dikkat \u00e7eker. 10K diren\u00e7 de\u011ferine sahip olan bu potansiyometre, \u00e7e\u015fitli elektronik devrelerde hassas ayarlamalar yapmak i\u00e7in idealdir. Temel \u00d6zellikler: Tip: Potansiyometre Seri: 3590 Series Renk: Mavi Kasa Diren\u00e7 De\u011feri: 10K Mil \u015eaft Uzunlu\u011fu: [&hellip;]<\/p>\n","protected":false},"featured_media":924,"comment_status":"open","ping_status":"closed","template":"","meta":[],"product_brand":[],"product_cat":[737],"product_tag":[754,760,744,761,743,187,751,739,763],"class_list":{"0":"post-923","1":"product","2":"type-product","3":"status-publish","4":"has-post-thumbnail","6":"product_cat-potansiyometreler","7":"product_tag-10k-ohm","8":"product_tag-20-6-mm-mil-saft","9":"product_tag-ayarlanabilir-direnc","10":"product_tag-bourns","11":"product_tag-cin","12":"product_tag-elektronik-bilesenler","13":"product_tag-mavi-kasa","14":"product_tag-potansiyometre","15":"product_tag-urun-etiketleri-pot-3590-series","17":"first","18":"instock","19":"shipping-taxable","20":"product-type-simple"},"jetpack_sharing_enabled":true,"_links":{"self":[{"href":"http:\/\/www.elektronikmalzemeci.com\/index.php\/wp-json\/wp\/v2\/product\/923"}],"collection":[{"href":"http:\/\/www.elektronikmalzemeci.com\/index.php\/wp-json\/wp\/v2\/product"}],"about":[{"href":"http:\/\/www.elektronikmalzemeci.com\/index.php\/wp-json\/wp\/v2\/types\/product"}],"replies":[{"embeddable":true,"href":"http:\/\/www.elektronikmalzemeci.com\/index.php\/wp-json\/wp\/v2\/comments?post=923"}],"wp:featuredmedia":[{"embeddable":true,"href":"http:\/\/www.elektronikmalzemeci.com\/index.php\/wp-json\/wp\/v2\/media\/924"}],"wp:attachment":[{"href":"http:\/\/www.elektronikmalzemeci.com\/index.php\/wp-json\/wp\/v2\/media?parent=923"}],"wp:term":[{"taxonomy":"product_brand","embeddable":true,"href":"http:\/\/www.elektronikmalzemeci.com\/index.php\/wp-json\/wp\/v2\/product_brand?post=923"},{"taxonomy":"product_cat","embeddable":true,"href":"http:\/\/www.elektronikmalzemeci.com\/index.php\/wp-json\/wp\/v2\/product_cat?post=923"},{"taxonomy":"product_tag","embeddable":true,"href":"http:\/\/www.elektronikmalzemeci.com\/index.php\/wp-json\/wp\/v2\/product_tag?post=923"}],"curies":[{"name":"wp","href":"https:\/\/api.w.org\/{rel}","templated":true}]}}