{"id":876,"date":"2024-07-12T06:57:12","date_gmt":"2024-07-12T06:57:12","guid":{"rendered":"http:\/\/www.elektronikmalzemeci.com\/?post_type=product&#038;p=876"},"modified":"2024-07-12T06:58:25","modified_gmt":"2024-07-12T06:58:25","slug":"dokunmatik-buton-switch-665-0-mm-china","status":"publish","type":"product","link":"http:\/\/www.elektronikmalzemeci.com\/index.php\/urun\/dokunmatik-buton-switch-665-0-mm-china\/","title":{"rendered":"Dokunmatik Buton (Switch) &#8211; 665.0 MM &#8211; China"},"content":{"rendered":"<p><strong>\u00dcr\u00fcn A\u00e7\u0131klamas\u0131:<\/strong> Bu dokunmatik buton, \u00e7e\u015fitli elektronik projeler ve cihazlar i\u00e7in ideal olan, hassas bir anahtarlama \u00e7\u00f6z\u00fcm\u00fcd\u00fcr. K\u00fc\u00e7\u00fck boyutlar\u0131 ve g\u00fcvenilir performans\u0131 ile bilinen bu buton, \u00f6zellikle dar alanlarda kullan\u0131lmak \u00fczere tasarlanm\u0131\u015ft\u0131r. 6<em>6<\/em>5.0 mm boyutlar\u0131nda ve \u00c7in men\u015feilidir.<\/p>\n<p><strong>Temel \u00d6zellikler:<\/strong><\/p>\n<ul>\n<li><strong>Tip:<\/strong> Dokunmatik Buton (Switch)<\/li>\n<li><strong>Boyut:<\/strong> 6<em>6<\/em>5.0 mm<\/li>\n<li><strong>\u00dcretici \u00dclke:<\/strong> China<\/li>\n<\/ul>\n<p><strong>Teknik Bilgiler:<\/strong><\/p>\n<ul>\n<li><strong>Boyutlar:<\/strong> 6<em>6<\/em>5.0 mm<\/li>\n<li><strong>\u00c7al\u0131\u015fma S\u0131cakl\u0131\u011f\u0131:<\/strong> -25\u00b0C ile +70\u00b0C aras\u0131nda<\/li>\n<li><strong>Ya\u015fam D\u00f6ng\u00fcs\u00fc:<\/strong> 100,000 bas\u0131\u015f<\/li>\n<\/ul>\n","protected":false},"excerpt":{"rendered":"<p>\u00dcr\u00fcn A\u00e7\u0131klamas\u0131: Bu dokunmatik buton, \u00e7e\u015fitli elektronik projeler ve cihazlar i\u00e7in ideal olan, hassas bir anahtarlama \u00e7\u00f6z\u00fcm\u00fcd\u00fcr. K\u00fc\u00e7\u00fck boyutlar\u0131 ve g\u00fcvenilir performans\u0131 ile bilinen bu buton, \u00f6zellikle dar alanlarda kullan\u0131lmak \u00fczere tasarlanm\u0131\u015ft\u0131r. 665.0 mm boyutlar\u0131nda ve \u00c7in men\u015feilidir. Temel \u00d6zellikler: Tip: Dokunmatik Buton (Switch) Boyut: 665.0 mm \u00dcretici \u00dclke: China Teknik Bilgiler: Boyutlar: 665.0 mm [&hellip;]<\/p>\n","protected":false},"featured_media":877,"comment_status":"open","ping_status":"closed","template":"","meta":[],"product_brand":[],"product_cat":[729],"product_tag":[736,735,733,730,187,734,731],"class_list":{"0":"post-876","1":"product","2":"type-product","3":"status-publish","4":"has-post-thumbnail","6":"product_cat-dokunmatik-butonlar-anahtarlar","7":"product_tag-665-0-mm","8":"product_tag-anahtarlama-cozumu","9":"product_tag-china","10":"product_tag-dokunmatik-buton","11":"product_tag-elektronik-bilesenler","12":"product_tag-mikro-buton","13":"product_tag-switch","15":"first","16":"instock","17":"shipping-taxable","18":"product-type-simple"},"jetpack_sharing_enabled":true,"_links":{"self":[{"href":"http:\/\/www.elektronikmalzemeci.com\/index.php\/wp-json\/wp\/v2\/product\/876"}],"collection":[{"href":"http:\/\/www.elektronikmalzemeci.com\/index.php\/wp-json\/wp\/v2\/product"}],"about":[{"href":"http:\/\/www.elektronikmalzemeci.com\/index.php\/wp-json\/wp\/v2\/types\/product"}],"replies":[{"embeddable":true,"href":"http:\/\/www.elektronikmalzemeci.com\/index.php\/wp-json\/wp\/v2\/comments?post=876"}],"wp:featuredmedia":[{"embeddable":true,"href":"http:\/\/www.elektronikmalzemeci.com\/index.php\/wp-json\/wp\/v2\/media\/877"}],"wp:attachment":[{"href":"http:\/\/www.elektronikmalzemeci.com\/index.php\/wp-json\/wp\/v2\/media?parent=876"}],"wp:term":[{"taxonomy":"product_brand","embeddable":true,"href":"http:\/\/www.elektronikmalzemeci.com\/index.php\/wp-json\/wp\/v2\/product_brand?post=876"},{"taxonomy":"product_cat","embeddable":true,"href":"http:\/\/www.elektronikmalzemeci.com\/index.php\/wp-json\/wp\/v2\/product_cat?post=876"},{"taxonomy":"product_tag","embeddable":true,"href":"http:\/\/www.elektronikmalzemeci.com\/index.php\/wp-json\/wp\/v2\/product_tag?post=876"}],"curies":[{"name":"wp","href":"https:\/\/api.w.org\/{rel}","templated":true}]}}