{"id":866,"date":"2024-07-12T06:32:20","date_gmt":"2024-07-12T06:32:20","guid":{"rendered":"http:\/\/www.elektronikmalzemeci.com\/?post_type=product&#038;p=866"},"modified":"2024-07-12T06:32:21","modified_gmt":"2024-07-12T06:32:21","slug":"7v5-smd-zener-diyot-vishay","status":"publish","type":"product","link":"http:\/\/www.elektronikmalzemeci.com\/index.php\/urun\/7v5-smd-zener-diyot-vishay\/","title":{"rendered":"7V5 SMD Zener Diyot &#8211; Vishay"},"content":{"rendered":"<p><strong>\u00dcr\u00fcn A\u00e7\u0131klamas\u0131:<\/strong><\/p>\n<p>7V5, Vishay taraf\u0131ndan \u00fcretilen ve y\u00fczey montaj (SMD) teknolojisine sahip bir Zener diyottur. Bu diyot, voltaj reg\u00fclasyonu ve a\u015f\u0131r\u0131 gerilim korumas\u0131 i\u00e7in idealdir. 1W g\u00fc\u00e7 kapasitesine ve 7.5V \u00e7al\u0131\u015fma gerilimine sahiptir.<\/p>\n<p><strong>Temel \u00d6zellikler:<\/strong><\/p>\n<ul>\n<li><strong>Tip:<\/strong> SMD Zener Diyot<\/li>\n<li><strong>Model:<\/strong> 7V5<\/li>\n<li><strong>\u00dcretici:<\/strong> Vishay<\/li>\n<li><strong>\u00c7al\u0131\u015fma Gerilimi:<\/strong> 7.5V<\/li>\n<li><strong>G\u00fc\u00e7 Kapasitesi:<\/strong> 1W<\/li>\n<li><strong>K\u0131l\u0131f:<\/strong> SMA (DO-214AC)<\/li>\n<\/ul>\n<p><strong>Teknik Bilgiler:<\/strong><\/p>\n<ul>\n<li><strong>Maksimum K\u0131r\u0131lma Gerilimi:<\/strong> 8.3V<\/li>\n<li><strong>Minimum K\u0131r\u0131lma Gerilimi:<\/strong> 6.8V<\/li>\n<li><strong>Maksimum Ters Ak\u0131m:<\/strong> 1mA @ 7.5V<\/li>\n<li><strong>Maksimum \u0130leri Gerilim:<\/strong> 1.2V @ 100mA<\/li>\n<\/ul>\n","protected":false},"excerpt":{"rendered":"<p>\u00dcr\u00fcn A\u00e7\u0131klamas\u0131: 7V5, Vishay taraf\u0131ndan \u00fcretilen ve y\u00fczey montaj (SMD) teknolojisine sahip bir Zener diyottur. Bu diyot, voltaj reg\u00fclasyonu ve a\u015f\u0131r\u0131 gerilim korumas\u0131 i\u00e7in idealdir. 1W g\u00fc\u00e7 kapasitesine ve 7.5V \u00e7al\u0131\u015fma gerilimine sahiptir. Temel \u00d6zellikler: Tip: SMD Zener Diyot Model: 7V5 \u00dcretici: Vishay \u00c7al\u0131\u015fma Gerilimi: 7.5V G\u00fc\u00e7 Kapasitesi: 1W K\u0131l\u0131f: SMA (DO-214AC) Teknik Bilgiler: Maksimum [&hellip;]<\/p>\n","protected":false},"featured_media":867,"comment_status":"open","ping_status":"closed","template":"","meta":[],"product_brand":[],"product_cat":[716],"product_tag":[719,717,397,187,432,718,517],"class_list":{"0":"post-866","1":"product","2":"type-product","3":"status-publish","4":"has-post-thumbnail","6":"product_cat-smd-ve-dip-zener-diyotlar","7":"product_tag-1w","8":"product_tag-7v5","9":"product_tag-do-214ac","10":"product_tag-elektronik-bilesenler","11":"product_tag-sma","12":"product_tag-smd-zener-diyot","13":"product_tag-vishay","15":"first","16":"instock","17":"shipping-taxable","18":"product-type-simple"},"jetpack_sharing_enabled":true,"_links":{"self":[{"href":"http:\/\/www.elektronikmalzemeci.com\/index.php\/wp-json\/wp\/v2\/product\/866"}],"collection":[{"href":"http:\/\/www.elektronikmalzemeci.com\/index.php\/wp-json\/wp\/v2\/product"}],"about":[{"href":"http:\/\/www.elektronikmalzemeci.com\/index.php\/wp-json\/wp\/v2\/types\/product"}],"replies":[{"embeddable":true,"href":"http:\/\/www.elektronikmalzemeci.com\/index.php\/wp-json\/wp\/v2\/comments?post=866"}],"wp:featuredmedia":[{"embeddable":true,"href":"http:\/\/www.elektronikmalzemeci.com\/index.php\/wp-json\/wp\/v2\/media\/867"}],"wp:attachment":[{"href":"http:\/\/www.elektronikmalzemeci.com\/index.php\/wp-json\/wp\/v2\/media?parent=866"}],"wp:term":[{"taxonomy":"product_brand","embeddable":true,"href":"http:\/\/www.elektronikmalzemeci.com\/index.php\/wp-json\/wp\/v2\/product_brand?post=866"},{"taxonomy":"product_cat","embeddable":true,"href":"http:\/\/www.elektronikmalzemeci.com\/index.php\/wp-json\/wp\/v2\/product_cat?post=866"},{"taxonomy":"product_tag","embeddable":true,"href":"http:\/\/www.elektronikmalzemeci.com\/index.php\/wp-json\/wp\/v2\/product_tag?post=866"}],"curies":[{"name":"wp","href":"https:\/\/api.w.org\/{rel}","templated":true}]}}