{"id":803,"date":"2024-07-11T10:55:25","date_gmt":"2024-07-11T10:55:25","guid":{"rendered":"http:\/\/www.elektronikmalzemeci.com\/?post_type=product&#038;p=803"},"modified":"2024-07-11T10:55:27","modified_gmt":"2024-07-11T10:55:27","slug":"mbr5060wt-schottky-diyot-mcc","status":"publish","type":"product","link":"http:\/\/www.elektronikmalzemeci.com\/index.php\/urun\/mbr5060wt-schottky-diyot-mcc\/","title":{"rendered":"MBR5060WT Schottky Diyot &#8211; MCC"},"content":{"rendered":"<p><strong>\u00dcr\u00fcn A\u00e7\u0131klamas\u0131:<\/strong> MBR5060WT, MCC (Micro Commercial Components) taraf\u0131ndan \u00fcretilen bir Schottky diyottur. Bu diyot, d\u00fc\u015f\u00fck ileri gerilim d\u00fc\u015f\u00fc\u015f\u00fc ve y\u00fcksek verimlilik sunar. 50A ak\u0131m ta\u015f\u0131ma kapasitesine ve 60V tepe ters gerilime sahiptir.<\/p>\n<p><strong>Temel \u00d6zellikler:<\/strong><\/p>\n<ul>\n<li><strong>Tip:<\/strong> Schottky Diyot<\/li>\n<li><strong>\u00dcretici:<\/strong> MCC (Micro Commercial Components)<\/li>\n<li><strong>Ak\u0131m Kapasitesi:<\/strong> 50A<\/li>\n<li><strong>Tepe Ters Gerilim:<\/strong> 60V<\/li>\n<\/ul>\n<p><strong>Teknik Bilgiler:<\/strong><\/p>\n<ul>\n<li><strong>Ak\u0131m Kapasitesi:<\/strong> 50A<\/li>\n<li><strong>Tepe Ters Gerilim:<\/strong> 60V<\/li>\n<li><strong>Maksimum \u0130leri Gerilim D\u00fc\u015f\u00fc\u015f\u00fc:<\/strong> 0.85V @ 50A<\/li>\n<\/ul>\n","protected":false},"excerpt":{"rendered":"<p>\u00dcr\u00fcn A\u00e7\u0131klamas\u0131: MBR5060WT, MCC (Micro Commercial Components) taraf\u0131ndan \u00fcretilen bir Schottky diyottur. Bu diyot, d\u00fc\u015f\u00fck ileri gerilim d\u00fc\u015f\u00fc\u015f\u00fc ve y\u00fcksek verimlilik sunar. 50A ak\u0131m ta\u015f\u0131ma kapasitesine ve 60V tepe ters gerilime sahiptir. Temel \u00d6zellikler: Tip: Schottky Diyot \u00dcretici: MCC (Micro Commercial Components) Ak\u0131m Kapasitesi: 50A Tepe Ters Gerilim: 60V Teknik Bilgiler: Ak\u0131m Kapasitesi: 50A Tepe [&hellip;]<\/p>\n","protected":false},"featured_media":793,"comment_status":"open","ping_status":"closed","template":"","meta":[],"product_brand":[],"product_cat":[632],"product_tag":[654,187,653,379,420],"class_list":{"0":"post-803","1":"product","2":"type-product","3":"status-publish","4":"has-post-thumbnail","6":"product_cat-to220-kilif-schottky-diyotlar","7":"product_tag-50a-60v","8":"product_tag-elektronik-bilesenler","9":"product_tag-mbr5060wt","10":"product_tag-mcc","11":"product_tag-schottky-diyot","13":"first","14":"instock","15":"shipping-taxable","16":"product-type-simple"},"jetpack_sharing_enabled":true,"_links":{"self":[{"href":"http:\/\/www.elektronikmalzemeci.com\/index.php\/wp-json\/wp\/v2\/product\/803"}],"collection":[{"href":"http:\/\/www.elektronikmalzemeci.com\/index.php\/wp-json\/wp\/v2\/product"}],"about":[{"href":"http:\/\/www.elektronikmalzemeci.com\/index.php\/wp-json\/wp\/v2\/types\/product"}],"replies":[{"embeddable":true,"href":"http:\/\/www.elektronikmalzemeci.com\/index.php\/wp-json\/wp\/v2\/comments?post=803"}],"wp:featuredmedia":[{"embeddable":true,"href":"http:\/\/www.elektronikmalzemeci.com\/index.php\/wp-json\/wp\/v2\/media\/793"}],"wp:attachment":[{"href":"http:\/\/www.elektronikmalzemeci.com\/index.php\/wp-json\/wp\/v2\/media?parent=803"}],"wp:term":[{"taxonomy":"product_brand","embeddable":true,"href":"http:\/\/www.elektronikmalzemeci.com\/index.php\/wp-json\/wp\/v2\/product_brand?post=803"},{"taxonomy":"product_cat","embeddable":true,"href":"http:\/\/www.elektronikmalzemeci.com\/index.php\/wp-json\/wp\/v2\/product_cat?post=803"},{"taxonomy":"product_tag","embeddable":true,"href":"http:\/\/www.elektronikmalzemeci.com\/index.php\/wp-json\/wp\/v2\/product_tag?post=803"}],"curies":[{"name":"wp","href":"https:\/\/api.w.org\/{rel}","templated":true}]}}