{"id":798,"date":"2024-07-11T10:43:26","date_gmt":"2024-07-11T10:43:26","guid":{"rendered":"http:\/\/www.elektronikmalzemeci.com\/?post_type=product&#038;p=798"},"modified":"2024-07-11T10:44:09","modified_gmt":"2024-07-11T10:44:09","slug":"mbr30100w-schottky-diyot-mcc","status":"publish","type":"product","link":"http:\/\/www.elektronikmalzemeci.com\/index.php\/urun\/mbr30100w-schottky-diyot-mcc\/","title":{"rendered":"MBR30100W Schottky Diyot &#8211; MCC"},"content":{"rendered":"<p><strong>\u00dcr\u00fcn A\u00e7\u0131klamas\u0131:<\/strong><\/p>\n<p>MBR30100W, MCC (Micro Commercial Components) taraf\u0131ndan \u00fcretilen bir Schottky diyottur. Bu diyot, d\u00fc\u015f\u00fck ileri gerilim d\u00fc\u015f\u00fc\u015f\u00fc ve y\u00fcksek verimlilik sunar. 30A ak\u0131m ta\u015f\u0131ma kapasitesine ve 100V tepe ters gerilime sahiptir.<\/p>\n<p><strong>Temel \u00d6zellikler:<\/strong><\/p>\n<ul>\n<li><strong>Tip:<\/strong> Schottky Diyot<\/li>\n<li><strong>\u00dcretici:<\/strong> MCC (Micro Commercial Components)<\/li>\n<li><strong>Ak\u0131m Kapasitesi:<\/strong> 30A<\/li>\n<li><strong>Tepe Ters Gerilim:<\/strong> 100V<\/li>\n<\/ul>\n<p><strong>Teknik Bilgiler:<\/strong><\/p>\n<ul>\n<li><strong>Ak\u0131m Kapasitesi:<\/strong> 30A<\/li>\n<li><strong>Tepe Ters Gerilim:<\/strong> 100V<\/li>\n<li><strong>Maksimum \u0130leri Gerilim D\u00fc\u015f\u00fc\u015f\u00fc:<\/strong> 0.85V @ 30A<\/li>\n<\/ul>\n","protected":false},"excerpt":{"rendered":"<p>\u00dcr\u00fcn A\u00e7\u0131klamas\u0131: MBR30100W, MCC (Micro Commercial Components) taraf\u0131ndan \u00fcretilen bir Schottky diyottur. Bu diyot, d\u00fc\u015f\u00fck ileri gerilim d\u00fc\u015f\u00fc\u015f\u00fc ve y\u00fcksek verimlilik sunar. 30A ak\u0131m ta\u015f\u0131ma kapasitesine ve 100V tepe ters gerilime sahiptir. Temel \u00d6zellikler: Tip: Schottky Diyot \u00dcretici: MCC (Micro Commercial Components) Ak\u0131m Kapasitesi: 30A Tepe Ters Gerilim: 100V Teknik Bilgiler: Ak\u0131m Kapasitesi: 30A Tepe [&hellip;]<\/p>\n","protected":false},"featured_media":799,"comment_status":"open","ping_status":"closed","template":"","meta":[],"product_brand":[],"product_cat":[632],"product_tag":[649,187,650,379,420],"class_list":{"0":"post-798","1":"product","2":"type-product","3":"status-publish","4":"has-post-thumbnail","6":"product_cat-to220-kilif-schottky-diyotlar","7":"product_tag-30a-100v","8":"product_tag-elektronik-bilesenler","9":"product_tag-mbr30100w","10":"product_tag-mcc","11":"product_tag-schottky-diyot","13":"first","14":"instock","15":"shipping-taxable","16":"product-type-simple"},"jetpack_sharing_enabled":true,"_links":{"self":[{"href":"http:\/\/www.elektronikmalzemeci.com\/index.php\/wp-json\/wp\/v2\/product\/798"}],"collection":[{"href":"http:\/\/www.elektronikmalzemeci.com\/index.php\/wp-json\/wp\/v2\/product"}],"about":[{"href":"http:\/\/www.elektronikmalzemeci.com\/index.php\/wp-json\/wp\/v2\/types\/product"}],"replies":[{"embeddable":true,"href":"http:\/\/www.elektronikmalzemeci.com\/index.php\/wp-json\/wp\/v2\/comments?post=798"}],"wp:featuredmedia":[{"embeddable":true,"href":"http:\/\/www.elektronikmalzemeci.com\/index.php\/wp-json\/wp\/v2\/media\/799"}],"wp:attachment":[{"href":"http:\/\/www.elektronikmalzemeci.com\/index.php\/wp-json\/wp\/v2\/media?parent=798"}],"wp:term":[{"taxonomy":"product_brand","embeddable":true,"href":"http:\/\/www.elektronikmalzemeci.com\/index.php\/wp-json\/wp\/v2\/product_brand?post=798"},{"taxonomy":"product_cat","embeddable":true,"href":"http:\/\/www.elektronikmalzemeci.com\/index.php\/wp-json\/wp\/v2\/product_cat?post=798"},{"taxonomy":"product_tag","embeddable":true,"href":"http:\/\/www.elektronikmalzemeci.com\/index.php\/wp-json\/wp\/v2\/product_tag?post=798"}],"curies":[{"name":"wp","href":"https:\/\/api.w.org\/{rel}","templated":true}]}}