{"id":1376,"date":"2024-07-17T10:15:06","date_gmt":"2024-07-17T10:15:06","guid":{"rendered":"http:\/\/www.elektronikmalzemeci.com\/?post_type=product&#038;p=1376"},"modified":"2024-07-17T10:15:07","modified_gmt":"2024-07-17T10:15:07","slug":"varistor-20d431k-275vac-20mm-china","status":"publish","type":"product","link":"http:\/\/www.elektronikmalzemeci.com\/index.php\/urun\/varistor-20d431k-275vac-20mm-china\/","title":{"rendered":"VARISTOR 20D431K &#8211; 275VAC 20MM &#8211; CHINA"},"content":{"rendered":"<p><strong>\u00dcr\u00fcn A\u00e7\u0131klamas\u0131:<\/strong><\/p>\n<p>20D431K, \u00c7in&#8217;de \u00fcretilmi\u015f bir varist\u00f6rd\u00fcr. Bu varist\u00f6r, 275VAC gerilim dayan\u0131m\u0131 ve 20mm \u00e7ap\u0131nda olup, y\u00fcksek gerilim korumas\u0131 gereken \u00e7e\u015fitli elektronik devrelerde kullan\u0131lmak \u00fczere tasarlanm\u0131\u015ft\u0131r.<\/p>\n<p><strong>Temel \u00d6zellikler:<\/strong><\/p>\n<ul>\n<li><strong>Tip:<\/strong> Varist\u00f6r<\/li>\n<li><strong>Gerilim Dayan\u0131m\u0131:<\/strong> 275VAC<\/li>\n<li><strong>\u00c7ap:<\/strong> 20mm<\/li>\n<li><strong>\u00dcretici:<\/strong> \u00c7in<\/li>\n<li><strong>K\u0131l\u0131f:<\/strong> DIP<\/li>\n<\/ul>\n<p><strong>Teknik Bilgiler:<\/strong><\/p>\n<ul>\n<li><strong>Gerilim Dayan\u0131m\u0131:<\/strong> 275VAC<\/li>\n<li><strong>\u00c7ap:<\/strong> 20mm<\/li>\n<li><strong>\u00c7al\u0131\u015fma S\u0131cakl\u0131\u011f\u0131:<\/strong> -40\u00b0C ile +85\u00b0C aras\u0131nda<\/li>\n<li><strong>Tolerans:<\/strong> \u00b110%<\/li>\n<\/ul>\n","protected":false},"excerpt":{"rendered":"<p>20D431K, \u00c7in&#8217;de \u00fcretilmi\u015f, 275VAC gerilim dayan\u0131m\u0131 ve 20mm \u00e7ap\u0131 ile y\u00fcksek gerilim korumas\u0131 gereken \u00e7e\u015fitli elektronik devrelerde kullan\u0131lan bir varist\u00f6rd\u00fcr.<\/p>\n","protected":false},"featured_media":1377,"comment_status":"open","ping_status":"closed","template":"","meta":[],"product_brand":[],"product_cat":[1149],"product_tag":[1159,1160,1152,743,748,187,1150,1154],"class_list":{"0":"post-1376","1":"product","2":"type-product","3":"status-publish","4":"has-post-thumbnail","6":"product_cat-varistorler","7":"product_tag-20d431k","8":"product_tag-20mm","9":"product_tag-275vac","10":"product_tag-cin","11":"product_tag-dip","12":"product_tag-elektronik-bilesenler","13":"product_tag-varistor","14":"product_tag-yuksek-gerilim-korumasi","16":"first","17":"instock","18":"shipping-taxable","19":"product-type-simple"},"jetpack_sharing_enabled":true,"_links":{"self":[{"href":"http:\/\/www.elektronikmalzemeci.com\/index.php\/wp-json\/wp\/v2\/product\/1376"}],"collection":[{"href":"http:\/\/www.elektronikmalzemeci.com\/index.php\/wp-json\/wp\/v2\/product"}],"about":[{"href":"http:\/\/www.elektronikmalzemeci.com\/index.php\/wp-json\/wp\/v2\/types\/product"}],"replies":[{"embeddable":true,"href":"http:\/\/www.elektronikmalzemeci.com\/index.php\/wp-json\/wp\/v2\/comments?post=1376"}],"wp:featuredmedia":[{"embeddable":true,"href":"http:\/\/www.elektronikmalzemeci.com\/index.php\/wp-json\/wp\/v2\/media\/1377"}],"wp:attachment":[{"href":"http:\/\/www.elektronikmalzemeci.com\/index.php\/wp-json\/wp\/v2\/media?parent=1376"}],"wp:term":[{"taxonomy":"product_brand","embeddable":true,"href":"http:\/\/www.elektronikmalzemeci.com\/index.php\/wp-json\/wp\/v2\/product_brand?post=1376"},{"taxonomy":"product_cat","embeddable":true,"href":"http:\/\/www.elektronikmalzemeci.com\/index.php\/wp-json\/wp\/v2\/product_cat?post=1376"},{"taxonomy":"product_tag","embeddable":true,"href":"http:\/\/www.elektronikmalzemeci.com\/index.php\/wp-json\/wp\/v2\/product_tag?post=1376"}],"curies":[{"name":"wp","href":"https:\/\/api.w.org\/{rel}","templated":true}]}}