{"id":1129,"date":"2024-07-16T08:00:35","date_gmt":"2024-07-16T08:00:35","guid":{"rendered":"http:\/\/www.elektronikmalzemeci.com\/?post_type=product&#038;p=1129"},"modified":"2024-07-16T08:00:36","modified_gmt":"2024-07-16T08:00:36","slug":"4n36-opto-tfk","status":"publish","type":"product","link":"http:\/\/www.elektronikmalzemeci.com\/index.php\/urun\/4n36-opto-tfk\/","title":{"rendered":"4N36 &#8211; Opto &#8211; TFK"},"content":{"rendered":"<p><strong>\u00dcr\u00fcn A\u00e7\u0131klamas\u0131:<\/strong><\/p>\n<p>4N36, TFK taraf\u0131ndan \u00fcretilen bir optoelektronik bile\u015fendir. Bu opto kupl\u00f6r, \u0131\u015f\u0131kla izole edilmi\u015f dijital sinyalleri iletmek i\u00e7in kullan\u0131l\u0131r ve \u00e7e\u015fitli elektronik devrelerde g\u00fcvenli ve etkili izolasyon sa\u011flar.<\/p>\n<p><strong>Temel \u00d6zellikler:<\/strong><\/p>\n<ul>\n<li><strong>Tip:<\/strong> Opto Kupl\u00f6r<\/li>\n<li><strong>\u00dcretici:<\/strong> TFK<\/li>\n<\/ul>\n<p><strong>Teknik Bilgiler:<\/strong><\/p>\n<ul>\n<li><strong>Ak\u0131m Transfer Oran\u0131 (CTR):<\/strong> %50 &#8211; %600<\/li>\n<li><strong>Maksimum \u0130letim Ak\u0131m\u0131:<\/strong> 50mA<\/li>\n<li><strong>\u0130zolasyon Gerilimi:<\/strong> 5300 VRMS<\/li>\n<li><strong>\u00c7al\u0131\u015fma S\u0131cakl\u0131\u011f\u0131:<\/strong> -55\u00b0C ile +100\u00b0C aras\u0131nda<\/li>\n<\/ul>\n","protected":false},"excerpt":{"rendered":"<p>\u00dcr\u00fcn A\u00e7\u0131klamas\u0131: 4N36, TFK taraf\u0131ndan \u00fcretilen bir optoelektronik bile\u015fendir. Bu opto kupl\u00f6r, \u0131\u015f\u0131kla izole edilmi\u015f dijital sinyalleri iletmek i\u00e7in kullan\u0131l\u0131r ve \u00e7e\u015fitli elektronik devrelerde g\u00fcvenli ve etkili izolasyon sa\u011flar. Temel \u00d6zellikler: Tip: Opto Kupl\u00f6r \u00dcretici: TFK Teknik Bilgiler: Ak\u0131m Transfer Oran\u0131 (CTR): %50 &#8211; %600 Maksimum \u0130letim Ak\u0131m\u0131: 50mA \u0130zolasyon Gerilimi: 5300 VRMS \u00c7al\u0131\u015fma S\u0131cakl\u0131\u011f\u0131: [&hellip;]<\/p>\n","protected":false},"featured_media":1131,"comment_status":"open","ping_status":"closed","template":"","meta":[],"product_brand":[],"product_cat":[908],"product_tag":[949,951,187,952,953,948,946,950],"class_list":{"0":"post-1129","1":"product","2":"type-product","3":"status-publish","4":"has-post-thumbnail","6":"product_cat-optoelektronik-bilesenler","7":"product_tag-4n36","8":"product_tag-dijital-izolasyon","9":"product_tag-elektronik-bilesenler","10":"product_tag-guvenli-iletim","11":"product_tag-isikla-izole-edilmis-sinyal","12":"product_tag-opto-kuplor","13":"product_tag-optoelektronik","14":"product_tag-tfk","16":"first","17":"instock","18":"shipping-taxable","19":"product-type-simple"},"jetpack_sharing_enabled":true,"_links":{"self":[{"href":"http:\/\/www.elektronikmalzemeci.com\/index.php\/wp-json\/wp\/v2\/product\/1129"}],"collection":[{"href":"http:\/\/www.elektronikmalzemeci.com\/index.php\/wp-json\/wp\/v2\/product"}],"about":[{"href":"http:\/\/www.elektronikmalzemeci.com\/index.php\/wp-json\/wp\/v2\/types\/product"}],"replies":[{"embeddable":true,"href":"http:\/\/www.elektronikmalzemeci.com\/index.php\/wp-json\/wp\/v2\/comments?post=1129"}],"wp:featuredmedia":[{"embeddable":true,"href":"http:\/\/www.elektronikmalzemeci.com\/index.php\/wp-json\/wp\/v2\/media\/1131"}],"wp:attachment":[{"href":"http:\/\/www.elektronikmalzemeci.com\/index.php\/wp-json\/wp\/v2\/media?parent=1129"}],"wp:term":[{"taxonomy":"product_brand","embeddable":true,"href":"http:\/\/www.elektronikmalzemeci.com\/index.php\/wp-json\/wp\/v2\/product_brand?post=1129"},{"taxonomy":"product_cat","embeddable":true,"href":"http:\/\/www.elektronikmalzemeci.com\/index.php\/wp-json\/wp\/v2\/product_cat?post=1129"},{"taxonomy":"product_tag","embeddable":true,"href":"http:\/\/www.elektronikmalzemeci.com\/index.php\/wp-json\/wp\/v2\/product_tag?post=1129"}],"curies":[{"name":"wp","href":"https:\/\/api.w.org\/{rel}","templated":true}]}}