{"id":1124,"date":"2024-07-16T07:53:30","date_gmt":"2024-07-16T07:53:30","guid":{"rendered":"http:\/\/www.elektronikmalzemeci.com\/?post_type=product&#038;p=1124"},"modified":"2024-07-16T07:53:32","modified_gmt":"2024-07-16T07:53:32","slug":"tlp759-opto-coupler-logic-output-toshiba-dip8","status":"publish","type":"product","link":"http:\/\/www.elektronikmalzemeci.com\/index.php\/urun\/tlp759-opto-coupler-logic-output-toshiba-dip8\/","title":{"rendered":"TLP759 &#8211; Opto Coupler Logic Output &#8211; TOSHIBA &#8211; DIP8"},"content":{"rendered":"<p><strong>\u00dcr\u00fcn A\u00e7\u0131klamas\u0131:<\/strong><\/p>\n<p>TLP759, TOSHIBA taraf\u0131ndan \u00fcretilen bir optokupl\u00f6rd\u00fcr. DIP8 k\u0131l\u0131f\u0131nda bulunan bu optokupl\u00f6r, lojik \u00e7\u0131k\u0131\u015fl\u0131 bir yap\u0131ya sahiptir ve elektriksel izolasyon sa\u011flamak amac\u0131yla kullan\u0131l\u0131r. Genellikle end\u00fcstriyel otomasyon, g\u00fc\u00e7 kayna\u011f\u0131 sistemleri ve dijital devrelerde kullan\u0131l\u0131r.<\/p>\n<p><strong>Temel \u00d6zellikler:<\/strong><\/p>\n<ul>\n<li><strong>Tip:<\/strong> Opto Coupler<\/li>\n<li><strong>\u00c7\u0131k\u0131\u015f T\u00fcr\u00fc:<\/strong> Logic Output<\/li>\n<li><strong>K\u0131l\u0131f:<\/strong> DIP8<\/li>\n<li><strong>\u00dcretici:<\/strong> TOSHIBA<\/li>\n<\/ul>\n<p><strong>Teknik Bilgiler:<\/strong><\/p>\n<ul>\n<li><strong>K\u0131l\u0131f:<\/strong> DIP8<\/li>\n<li><strong>\u00c7al\u0131\u015fma S\u0131cakl\u0131\u011f\u0131:<\/strong> -55\u00b0C ile +100\u00b0C aras\u0131nda<\/li>\n<li><strong>\u0130zole Voltaj:<\/strong> 5000 Vrms<\/li>\n<li><strong>Collector-Emitter Voltage:<\/strong> 35V<\/li>\n<li><strong>Input Forward Current:<\/strong> 20mA<\/li>\n<\/ul>\n","protected":false},"excerpt":{"rendered":"<p>\u00dcr\u00fcn A\u00e7\u0131klamas\u0131: TLP759, TOSHIBA taraf\u0131ndan \u00fcretilen bir optokupl\u00f6rd\u00fcr. DIP8 k\u0131l\u0131f\u0131nda bulunan bu optokupl\u00f6r, lojik \u00e7\u0131k\u0131\u015fl\u0131 bir yap\u0131ya sahiptir ve elektriksel izolasyon sa\u011flamak amac\u0131yla kullan\u0131l\u0131r. Genellikle end\u00fcstriyel otomasyon, g\u00fc\u00e7 kayna\u011f\u0131 sistemleri ve dijital devrelerde kullan\u0131l\u0131r. Temel \u00d6zellikler: Tip: Opto Coupler \u00c7\u0131k\u0131\u015f T\u00fcr\u00fc: Logic Output K\u0131l\u0131f: DIP8 \u00dcretici: TOSHIBA Teknik Bilgiler: K\u0131l\u0131f: DIP8 \u00c7al\u0131\u015fma S\u0131cakl\u0131\u011f\u0131: -55\u00b0C ile [&hellip;]<\/p>\n","protected":false},"featured_media":1125,"comment_status":"open","ping_status":"closed","template":"","meta":[],"product_brand":[],"product_cat":[908],"product_tag":[942,938,916,187,940,941,939,909,937,406],"class_list":{"0":"post-1124","1":"product","2":"type-product","3":"status-publish","4":"has-post-thumbnail","6":"product_cat-optoelektronik-bilesenler","7":"product_tag-dijital-devreler","8":"product_tag-dip8","9":"product_tag-elektriksel-izolasyon","10":"product_tag-elektronik-bilesenler","11":"product_tag-endustriyel-otomasyon","12":"product_tag-guc-kaynagi-sistemleri","13":"product_tag-lojik-cikis","14":"product_tag-opto-coupler","15":"product_tag-tlp759","16":"product_tag-toshiba","18":"first","19":"instock","20":"shipping-taxable","21":"product-type-simple"},"jetpack_sharing_enabled":true,"_links":{"self":[{"href":"http:\/\/www.elektronikmalzemeci.com\/index.php\/wp-json\/wp\/v2\/product\/1124"}],"collection":[{"href":"http:\/\/www.elektronikmalzemeci.com\/index.php\/wp-json\/wp\/v2\/product"}],"about":[{"href":"http:\/\/www.elektronikmalzemeci.com\/index.php\/wp-json\/wp\/v2\/types\/product"}],"replies":[{"embeddable":true,"href":"http:\/\/www.elektronikmalzemeci.com\/index.php\/wp-json\/wp\/v2\/comments?post=1124"}],"wp:featuredmedia":[{"embeddable":true,"href":"http:\/\/www.elektronikmalzemeci.com\/index.php\/wp-json\/wp\/v2\/media\/1125"}],"wp:attachment":[{"href":"http:\/\/www.elektronikmalzemeci.com\/index.php\/wp-json\/wp\/v2\/media?parent=1124"}],"wp:term":[{"taxonomy":"product_brand","embeddable":true,"href":"http:\/\/www.elektronikmalzemeci.com\/index.php\/wp-json\/wp\/v2\/product_brand?post=1124"},{"taxonomy":"product_cat","embeddable":true,"href":"http:\/\/www.elektronikmalzemeci.com\/index.php\/wp-json\/wp\/v2\/product_cat?post=1124"},{"taxonomy":"product_tag","embeddable":true,"href":"http:\/\/www.elektronikmalzemeci.com\/index.php\/wp-json\/wp\/v2\/product_tag?post=1124"}],"curies":[{"name":"wp","href":"https:\/\/api.w.org\/{rel}","templated":true}]}}